{"id":857,"date":"2016-01-06T12:46:28","date_gmt":"2016-01-06T11:46:28","guid":{"rendered":"http:\/\/www.intransformation.hamburg\/?page_id=857"},"modified":"2016-02-10T13:06:08","modified_gmt":"2016-02-10T12:06:08","slug":"ulrike-spree-take-five-wie-die-bibliotheks-und-informationswissenschaft-die-welt-veraendert-hat","status":"publish","type":"page","link":"https:\/\/intransformation.hamburg\/index.php\/ulrike-spree-take-five-wie-die-bibliotheks-und-informationswissenschaft-die-welt-veraendert-hat\/","title":{"rendered":"Take five &#8211; wie die Bibliotheks- und Informationswissenschaft die Welt ver\u00e4ndert (hat)"},"content":{"rendered":"<h3>Von Ulrike Spree<\/h3>\n<p>Unsere Berufsbilder befinden sich im st\u00e4ndigen Wandel.<a href=\"http:\/\/www.intransformation.hamburg\/wp-content\/uploads\/2016\/01\/Spree.jpg\" rel=\"attachment wp-att-918\"><img loading=\"lazy\" decoding=\"async\" class=\"alignright wp-image-918 \" src=\"http:\/\/www.intransformation.hamburg\/wp-content\/uploads\/2016\/01\/Spree-150x150.jpg\" alt=\"Lieblingsplatz, Jonas Lohse, Hamburg, den 16.07.15\" width=\"160\" height=\"160\" \/><\/a> Wir sind SozialbibliothekarInnen, Metadatenmanager, Social Media Manager, \u2026 Andererseits beobachten wir als Lehrende in Gespr\u00e4chen mit unseren Studierenden, dass sich stereotype Vorstellungen, z. B. \u00fcber das Image von Bibliotheken und Bibliothekaren (konservativ, b\u00fcrokratisch, korrekt, \u2026), \u00fcber Jahre erschreckend wenig ver\u00e4ndern.<br \/>\nIn diesem Workshop m\u00f6chte ich Sie einladen, unser Jublil\u00e4um \u201e70 Jahre bibliothekarische Ausbildung in Hamburg\u201c zum Anlass zu nehmen, gemeinsam dar\u00fcber zu reflektieren, was aus Ihrer Perspektive die bahnbrechenden f\u00fcnf bis sieben Entdeckungen\/Errungenschaften\/Leistungen der Bibliotheks- und Informationswissenschaft sind. Das Thema f\u00fcr den Workshop ist nicht ganz eigenn\u00fctzig gew\u00e4hlt, erhoffe ich mir doch Inspiration, wie wir in Zukunft unseren Studierenden noch besser das Besondere unseres Studiengangs erkl\u00e4ren zu k\u00f6nnen.<\/p>\n<p>Zusammen mit der Anmeldung zum Workshop bitte ich Sie, die folgenden beiden Fragen zu beantworten:<\/p>\n<p>1) Was sind Ihrer Ansicht nach die 5 bis 7 wichtigsten &#8218;Entdeckungen, Errungenschaften&#8216; im Bereich der Bibliotheks- und Informationswissenschaften&#8216; der letzten 40 Jahre?<br \/>\n2) Wie haben diese Entdeckungen und Errungenschaften Ihre Berufspraxis ver\u00e4ndert?<\/p>\n<p>Der Foliensatz zum Workshop steht zur Verf\u00fcgung: <a href=\"http:\/\/www.intransformation.hamburg\/wp-content\/uploads\/2016\/02\/Foliensatz_Spree.pdf\">Download der Pr\u00e4sentation beginnen<\/a><\/p>\n<p><a href=\"http:\/\/www.intransformation.hamburg\/index.php\/programm\/\">Zur\u00fcck zum Programm<\/a><\/p>\n","protected":false},"excerpt":{"rendered":"<p>Von Ulrike Spree Unsere Berufsbilder befinden sich im st\u00e4ndigen Wandel. Wir sind SozialbibliothekarInnen, Metadatenmanager, Social Media Manager, \u2026 Andererseits beobachten wir als Lehrende in Gespr\u00e4chen mit unseren Studierenden, dass sich stereotype Vorstellungen, z. B. \u00fcber das Image von Bibliotheken und Bibliothekaren (konservativ, b\u00fcrokratisch, korrekt, \u2026), \u00fcber Jahre erschreckend wenig ver\u00e4ndern. In diesem Workshop m\u00f6chte ich &#8230; <a class=\"read-more\" href=\"https:\/\/intransformation.hamburg\/index.php\/ulrike-spree-take-five-wie-die-bibliotheks-und-informationswissenschaft-die-welt-veraendert-hat\/\">weiterlesen<\/a><\/p>\n","protected":false},"author":3,"featured_media":0,"parent":0,"menu_order":0,"comment_status":"closed","ping_status":"closed","template":"","meta":{"ngg_post_thumbnail":0,"footnotes":"","_mc_calendar":[]},"_links":{"self":[{"href":"https:\/\/intransformation.hamburg\/index.php\/wp-json\/wp\/v2\/pages\/857"}],"collection":[{"href":"https:\/\/intransformation.hamburg\/index.php\/wp-json\/wp\/v2\/pages"}],"about":[{"href":"https:\/\/intransformation.hamburg\/index.php\/wp-json\/wp\/v2\/types\/page"}],"author":[{"embeddable":true,"href":"https:\/\/intransformation.hamburg\/index.php\/wp-json\/wp\/v2\/users\/3"}],"replies":[{"embeddable":true,"href":"https:\/\/intransformation.hamburg\/index.php\/wp-json\/wp\/v2\/comments?post=857"}],"version-history":[{"count":7,"href":"https:\/\/intransformation.hamburg\/index.php\/wp-json\/wp\/v2\/pages\/857\/revisions"}],"predecessor-version":[{"id":1055,"href":"https:\/\/intransformation.hamburg\/index.php\/wp-json\/wp\/v2\/pages\/857\/revisions\/1055"}],"wp:attachment":[{"href":"https:\/\/intransformation.hamburg\/index.php\/wp-json\/wp\/v2\/media?parent=857"}],"curies":[{"name":"wp","href":"https:\/\/api.w.org\/{rel}","templated":true}]}}