{"id":851,"date":"2016-01-06T12:29:40","date_gmt":"2016-01-06T11:29:40","guid":{"rendered":"http:\/\/www.intransformation.hamburg\/?page_id=851"},"modified":"2016-02-10T19:29:49","modified_gmt":"2016-02-10T18:29:49","slug":"anne-barckow-heidi-jakob-marhab-willkommen-bibliotheken-machen-sich-auf-den-weg-ein-offener-austausch","status":"publish","type":"page","link":"https:\/\/intransformation.hamburg\/index.php\/anne-barckow-heidi-jakob-marhab-willkommen-bibliotheken-machen-sich-auf-den-weg-ein-offener-austausch\/","title":{"rendered":"Marhab \u2013 Willkommen : Bibliotheken machen sich auf den Weg \u2013 ein offener Austausch"},"content":{"rendered":"<h3>Von Anne Barckow &amp; Heidi Jakob<\/h3>\n<p>Derzeit vergeht kein Tag, an dem nicht Tausende von Fl\u00fcchtlingen<a href=\"http:\/\/www.intransformation.hamburg\/wp-content\/uploads\/2016\/01\/Anne-Barckow.jpg\" rel=\"attachment wp-att-888\"><img loading=\"lazy\" decoding=\"async\" class=\"wp-image-888 alignright\" src=\"http:\/\/www.intransformation.hamburg\/wp-content\/uploads\/2016\/01\/Anne-Barckow-208x300.jpg\" alt=\"Anne Barckow\" width=\"156\" height=\"225\" srcset=\"https:\/\/intransformation.hamburg\/wp-content\/uploads\/2016\/01\/Anne-Barckow-208x300.jpg 208w, https:\/\/intransformation.hamburg\/wp-content\/uploads\/2016\/01\/Anne-Barckow-768x1107.jpg 768w, https:\/\/intransformation.hamburg\/wp-content\/uploads\/2016\/01\/Anne-Barckow-710x1024.jpg 710w, https:\/\/intransformation.hamburg\/wp-content\/uploads\/2016\/01\/Anne-Barckow.jpg 1621w\" sizes=\"(max-width: 156px) 100vw, 156px\" \/><\/a> Deutschland erreichen. St\u00e4dte und Gemeinden stehen vor der Herausforderung, sie aufzunehmen und in die Gesellschaft zu integrieren. Mit ihren vielf\u00e4ltigen Angeboten k\u00f6nnen und wollen auch Bibliotheken ihren Beitrag f\u00fcr diese Zielgruppe leisten.<\/p>\n<p>Der offene Erfahrungsaustausch l\u00e4dt dazu ein, in einem ersten Teil die Angebote der B\u00fccherhallen Hamburg kennenzulernen: Flyer, Medienkisten, Filme, Programmangebote, Kooperationsideen etc. werden vorgestellt, erl\u00e4utert und diskutiert. Der zweite Teil der Veranstaltung dient dazu,<a href=\"http:\/\/www.intransformation.hamburg\/wp-content\/uploads\/2016\/01\/Heidi-Jakob_kl.jpg\" rel=\"attachment wp-att-889\"><img loading=\"lazy\" decoding=\"async\" class=\"wp-image-889 alignright\" src=\"http:\/\/www.intransformation.hamburg\/wp-content\/uploads\/2016\/01\/Heidi-Jakob_kl-246x300.jpg\" alt=\"Heidi Jakob_kl\" width=\"157\" height=\"191\" srcset=\"https:\/\/intransformation.hamburg\/wp-content\/uploads\/2016\/01\/Heidi-Jakob_kl-246x300.jpg 246w, https:\/\/intransformation.hamburg\/wp-content\/uploads\/2016\/01\/Heidi-Jakob_kl.jpg 631w\" sizes=\"(max-width: 157px) 100vw, 157px\" \/><\/a> anhand konkreter Beispiele aus dem Kreis der Teilnehmenden gemeinsam weitere Ideen zu entwickeln, die Zielgruppe der Zuwanderer willkommen zu hei\u00dfen.<\/p>\n<p>Die Foliens\u00e4tze zum Workshop stehen zur Verf\u00fcgung:<\/p>\n<p><a href=\"http:\/\/www.intransformation.hamburg\/wp-content\/uploads\/2016\/02\/Foliensatz1_BarckowJakob_Marhab.pdf\" rel=\"\">Download der einleitenden Pr\u00e4sentation beginnen<\/a><\/p>\n<p><a href=\"http:\/\/www.intransformation.hamburg\/wp-content\/uploads\/2016\/02\/Foliensatz_Marhab_Kinderprogramm_Teil1.pdf\" rel=\"\">Download der Pr\u00e4sentation zum Kinderprogramm (Teil 1) beginnen<\/a><\/p>\n<p><a href=\"http:\/\/www.intransformation.hamburg\/wp-content\/uploads\/2016\/02\/Foliensatz_Marhab_Kinderprogramm_Teil2.pdf\" rel=\"\">Download der Pr\u00e4sentation zum Kinderprogramm (Teil 2) beginnen<\/a><\/p>\n<p><a href=\"http:\/\/www.intransformation.hamburg\/index.php\/programm\/\">Zur\u00fcck zum Programm<\/a><\/p>\n","protected":false},"excerpt":{"rendered":"<p>Von Anne Barckow &amp; Heidi Jakob Derzeit vergeht kein Tag, an dem nicht Tausende von Fl\u00fcchtlingen Deutschland erreichen. St\u00e4dte und Gemeinden stehen vor der Herausforderung, sie aufzunehmen und in die Gesellschaft zu integrieren. Mit ihren vielf\u00e4ltigen Angeboten k\u00f6nnen und wollen auch Bibliotheken ihren Beitrag f\u00fcr diese Zielgruppe leisten. Der offene Erfahrungsaustausch l\u00e4dt dazu ein, in &#8230; <a class=\"read-more\" href=\"https:\/\/intransformation.hamburg\/index.php\/anne-barckow-heidi-jakob-marhab-willkommen-bibliotheken-machen-sich-auf-den-weg-ein-offener-austausch\/\">weiterlesen<\/a><\/p>\n","protected":false},"author":3,"featured_media":0,"parent":0,"menu_order":0,"comment_status":"closed","ping_status":"closed","template":"","meta":{"ngg_post_thumbnail":0,"footnotes":"","_mc_calendar":[]},"_links":{"self":[{"href":"https:\/\/intransformation.hamburg\/index.php\/wp-json\/wp\/v2\/pages\/851"}],"collection":[{"href":"https:\/\/intransformation.hamburg\/index.php\/wp-json\/wp\/v2\/pages"}],"about":[{"href":"https:\/\/intransformation.hamburg\/index.php\/wp-json\/wp\/v2\/types\/page"}],"author":[{"embeddable":true,"href":"https:\/\/intransformation.hamburg\/index.php\/wp-json\/wp\/v2\/users\/3"}],"replies":[{"embeddable":true,"href":"https:\/\/intransformation.hamburg\/index.php\/wp-json\/wp\/v2\/comments?post=851"}],"version-history":[{"count":13,"href":"https:\/\/intransformation.hamburg\/index.php\/wp-json\/wp\/v2\/pages\/851\/revisions"}],"predecessor-version":[{"id":1072,"href":"https:\/\/intransformation.hamburg\/index.php\/wp-json\/wp\/v2\/pages\/851\/revisions\/1072"}],"wp:attachment":[{"href":"https:\/\/intransformation.hamburg\/index.php\/wp-json\/wp\/v2\/media?parent=851"}],"curies":[{"name":"wp","href":"https:\/\/api.w.org\/{rel}","templated":true}]}}