{"id":705,"date":"2015-12-16T11:37:39","date_gmt":"2015-12-16T10:37:39","guid":{"rendered":"http:\/\/www.intransformation.hamburg\/?page_id=705"},"modified":"2016-02-22T16:32:44","modified_gmt":"2016-02-22T15:32:44","slug":"sebastian-suenkler-trends-und-entwicklungen-in-der-web-suche-und-deren-relevanz-fuer-bibliotheken","status":"publish","type":"page","link":"https:\/\/intransformation.hamburg\/index.php\/sebastian-suenkler-trends-und-entwicklungen-in-der-web-suche-und-deren-relevanz-fuer-bibliotheken\/","title":{"rendered":"Trends und Entwicklungen in der Web-Suche und deren Relevanz f\u00fcr Bibliotheken"},"content":{"rendered":"<h3>Von Sebastian S\u00fcnkler<\/h3>\n<p><strong>Achtung:<\/strong> bereits ausgebucht!<\/p>\n<p>Web-Suche und die damit verbundenen Suchtechnologien erlebten<a href=\"http:\/\/www.intransformation.hamburg\/wp-content\/uploads\/2015\/12\/S\u00fcnkler.jpg\" rel=\"attachment wp-att-922\"><img loading=\"lazy\" decoding=\"async\" class=\"alignright wp-image-922 \" src=\"http:\/\/www.intransformation.hamburg\/wp-content\/uploads\/2015\/12\/S\u00fcnkler-150x150.jpg\" alt=\"S\u00fcnkler\" width=\"167\" height=\"167\" \/><\/a> in den letzten Jahrzehnten eine kontinuierliche Weiterentwicklung, die durch heutige technische M\u00f6glichkeiten, aber vor allem auch durch das Verhalten und die Bed\u00fcrfnisse ihrer Nutzer entsteht. W\u00e4hrend lange Zeit \u201eten blue links\u201c untereinander f\u00fcr Zufriedenheit sorgten, so erwarten heutige Nutzer die Anreicherung der Suchergebnisse mit Shoppingtipps, Videos oder lokalen Suchtreffern, die Kumulation und grafische Aufbereitung von Fakten zu Menschen, Orten und Sachverhalten (Knowledge Graph) oder die M\u00f6glichkeit, ihre Suche per Sprache zu steuern. Im Zentrum dieser Entwicklungen steht die Frage, was die Nutzer eigentlich wollen. Diese Frage ist nat\u00fcrlich auch hoch relevant f\u00fcr Bibliotheken. Bibliotheken sind Dienstleister bei der Vermittlung von Informationen und Wissen und k\u00f6nnten diese Rolle durch den Einsatz moderner Such-Konzepte und -Technologien weiter verbessern.<\/p>\n<p>Der Workshop soll dazu dienen, den TeilnehmerInnen folgende Inhalte n\u00e4herzubringen und diese gemeinsam zu diskutieren:<\/p>\n<ul>\n<li>Wie hat sich die Web-Suche in den letzten Jahren entwickelt?<\/li>\n<li>Wie sucht der typische Nutzer von Web-Suchmaschinen heute?<\/li>\n<li>Welche Potenziale ergeben sich durch diese Trends und Entwicklungen bei der (Web)-Suche f\u00fcr Bibliotheken?<\/li>\n<li>Wie sieht ein konkreter Anwendungsfall moderner Suchtechnologien aus (Voice Search und Sprachsteuerung)?<\/li>\n<li>Wie k\u00f6nnten Voice Search und Sprachsteuerung in Bibliotheken eingesetzt werden?<\/li>\n<\/ul>\n<p>Nach einer Einf\u00fchrung in die Trends und Entwicklungen der Web-Suche erhalten die TeilnehmerInnen die M\u00f6glichkeit, eine exemplarische moderne Anwendung &#8211; die sprachgesteuerte Suche mittels Smartphone &#8211; selber auszuprobieren. Dazu bearbeiten sie Suchaufgaben in Kleingruppen. Ziel dieser praktischen \u00dcbung ist zum einen solch eine Technologie selber zu testen und zum anderen Ideen zu sammeln, ob und wie eine solche Anwendung in Bibliotheken eingesetzt werden k\u00f6nnte. Die gemachten Erfahrungen werden anschlie\u00dfend gemeinsam diskutiert.<\/p>\n<p>&nbsp;<\/p>\n<p><em>Sebastian S\u00fcnkler, M.A. Studium Informationswissenschaft und <\/em><em>-management an der HAW Hamburg, wissenschaftlicher Mitarbeiter am Department Information der HAW Hamburg in einem Projekt zur automatisierten Kontrolle des Lebensmittelmarktes im Internet und Lehrbeauftragter, Forschungsinteressen: Web Information Retrieval, Data Mining im Web, system- und nutzerorientierte Evaluation von Informationssystemen.<\/em><\/p>\n<p>Der Foliensatz des Inputs f\u00fcr den Workshop steht zur Verf\u00fcgung: <a href=\"http:\/\/www.intransformation.hamburg\/wp-content\/uploads\/2016\/02\/Sc3bcnkler_Input_Workshop_intransformation_050216.pdf\" rel=\"\">Download des Inputs f\u00fcr den Workshop starten.<\/a><\/p>\n<p>Der Folgesatz der Ergebnisse steht zur Verf\u00fcgung:\u00a0<a href=\"http:\/\/www.intransformation.hamburg\/wp-content\/uploads\/2016\/02\/Sc3bcnkler_Ergebnisse_Workshop_intransformation_050216.pdf\" rel=\"\">Download der Ergebnisse starten.<\/a><\/p>\n<p>&nbsp;<\/p>\n<p><a href=\"http:\/\/www.intransformation.hamburg\/index.php\/programm\/\">Zur\u00fcck zum Programm<\/a><\/p>\n","protected":false},"excerpt":{"rendered":"<p>Von Sebastian S\u00fcnkler Achtung: bereits ausgebucht! Web-Suche und die damit verbundenen Suchtechnologien erlebten in den letzten Jahrzehnten eine kontinuierliche Weiterentwicklung, die durch heutige technische M\u00f6glichkeiten, aber vor allem auch durch das Verhalten und die Bed\u00fcrfnisse ihrer Nutzer entsteht. W\u00e4hrend lange Zeit \u201eten blue links\u201c untereinander f\u00fcr Zufriedenheit sorgten, so erwarten heutige Nutzer die Anreicherung der &#8230; <a class=\"read-more\" href=\"https:\/\/intransformation.hamburg\/index.php\/sebastian-suenkler-trends-und-entwicklungen-in-der-web-suche-und-deren-relevanz-fuer-bibliotheken\/\">weiterlesen<\/a><\/p>\n","protected":false},"author":3,"featured_media":0,"parent":0,"menu_order":0,"comment_status":"closed","ping_status":"closed","template":"","meta":{"ngg_post_thumbnail":0,"footnotes":"","_mc_calendar":[]},"_links":{"self":[{"href":"https:\/\/intransformation.hamburg\/index.php\/wp-json\/wp\/v2\/pages\/705"}],"collection":[{"href":"https:\/\/intransformation.hamburg\/index.php\/wp-json\/wp\/v2\/pages"}],"about":[{"href":"https:\/\/intransformation.hamburg\/index.php\/wp-json\/wp\/v2\/types\/page"}],"author":[{"embeddable":true,"href":"https:\/\/intransformation.hamburg\/index.php\/wp-json\/wp\/v2\/users\/3"}],"replies":[{"embeddable":true,"href":"https:\/\/intransformation.hamburg\/index.php\/wp-json\/wp\/v2\/comments?post=705"}],"version-history":[{"count":8,"href":"https:\/\/intransformation.hamburg\/index.php\/wp-json\/wp\/v2\/pages\/705\/revisions"}],"predecessor-version":[{"id":1746,"href":"https:\/\/intransformation.hamburg\/index.php\/wp-json\/wp\/v2\/pages\/705\/revisions\/1746"}],"wp:attachment":[{"href":"https:\/\/intransformation.hamburg\/index.php\/wp-json\/wp\/v2\/media?parent=705"}],"curies":[{"name":"wp","href":"https:\/\/api.w.org\/{rel}","templated":true}]}}