{"id":531,"date":"2015-12-09T14:49:45","date_gmt":"2015-12-09T13:49:45","guid":{"rendered":"http:\/\/www.intransformation.hamburg\/?page_id=531"},"modified":"2016-03-07T16:53:36","modified_gmt":"2016-03-07T15:53:36","slug":"alumni-abend","status":"publish","type":"page","link":"https:\/\/intransformation.hamburg\/index.php\/auftaktveranstaltung\/alumni-abend\/","title":{"rendered":"Alumni-Abend"},"content":{"rendered":"<p>Im Anschluss an die\u00a0<a style=\"color: #f8324b;\" href=\"http:\/\/www.intransformation.hamburg\/index.php\/auftaktveranstaltung\/\">Auftaktveranstaltung \u00bbMove and Make \u2013 in\/trans\/formation durch Themen, Trends und Visionen\u00ab<\/a> hat das Department Information zu einem Alumni-Abend eingeladen.<\/p>\n<p><span style=\"font-weight: 400;\">Er bot Gelegenheit zum Wiedersehen der KommilitonInnen und zum gemeinsamen Austausch von Erinnerungen. <\/span><span style=\"font-weight: 400;\">Au\u00dferdem bestand die M\u00f6glichkeit zur Diskussion mit Studierenden und Lehrenden &#8211; nicht nur \u00fcber den heutigen Studienalltag.<\/span><\/p>\n<p>F\u00fcr Unterhaltung durch Musik und auch f\u00fcr das leibliche Wohl war gesorgt. Eindr\u00fccke des Alumni-Abends finden Sie <a href=\"http:\/\/www.intransformation.hamburg\/index.php\/galerie\/\">in der Galerie<\/a>.<\/p>\n<p>Weitere Informationen zur Alumni-Organisation am Department Information finden Sie <a style=\"color: #f8324b;\" href=\"http:\/\/www.haw-hamburg.de\/department-information\/alumni.html\">auf den Seiten des Departments Information<\/a>.<\/p>\n<h2>Programm<\/h2>\n<table style=\"height: 327px;\" width=\"2020\">\n<colgroup>\n<col width=\"20%\" \/>\n<col width=\"80%\" \/><\/colgroup>\n<tbody>\n<tr style=\"background-color: #efefef;\">\n<td colspan=\"3\">Campusf\u00fchrungen<\/td>\n<\/tr>\n<tr>\n<td colspan=\"3\">Sektempfang mit kleinem Snack und musikalischer Begleitung durch das &#8222;Evergreen Trio&#8220;<\/td>\n<\/tr>\n<tr style=\"background-color: #efefef;\">\n<td colspan=\"3\">Begr\u00fc\u00dfung durch Prof. Dr. Monika Bessenrodt-Weberpals (Vizepr\u00e4sidentin der HAW Hamburg) und Festvortrag von Frau Prof. em. Birgit Dankert<\/td>\n<\/tr>\n<tr>\n<td>&#8222;Evergreen Trio&#8220;<\/td>\n<\/tr>\n<tr style=\"background-color: #efefef;\">\n<td colspan=\"3\">Lesung\/Gespr\u00e4ch mit dem Autor und Absolventen\u00a0des Studiengangs Bibliotheks- und Informationsmanagement <a style=\"color: #f8324b;\" href=\"http:\/\/www.strohhutbu.de\/\">Arne Tiedemann<\/a><\/td>\n<\/tr>\n<tr>\n<td colspan=\"3\">Er\u00f6ffnung des Buffets mit musikalischer Begleitung der Big Band &#8222;Who&#8217;s that?&#8220;<\/td>\n<\/tr>\n<\/tbody>\n<\/table>\n","protected":false},"excerpt":{"rendered":"<p>Im Anschluss an die\u00a0Auftaktveranstaltung \u00bbMove and Make \u2013 in\/trans\/formation durch Themen, Trends und Visionen\u00ab hat das Department Information zu einem Alumni-Abend eingeladen. Er bot Gelegenheit zum Wiedersehen der KommilitonInnen und zum gemeinsamen Austausch von Erinnerungen. Au\u00dferdem bestand die M\u00f6glichkeit zur Diskussion mit Studierenden und Lehrenden &#8211; nicht nur \u00fcber den heutigen Studienalltag. F\u00fcr Unterhaltung durch &#8230; <a class=\"read-more\" href=\"https:\/\/intransformation.hamburg\/index.php\/auftaktveranstaltung\/alumni-abend\/\">weiterlesen<\/a><\/p>\n","protected":false},"author":3,"featured_media":0,"parent":269,"menu_order":0,"comment_status":"closed","ping_status":"closed","template":"","meta":{"ngg_post_thumbnail":0,"footnotes":"","_mc_calendar":[]},"_links":{"self":[{"href":"https:\/\/intransformation.hamburg\/index.php\/wp-json\/wp\/v2\/pages\/531"}],"collection":[{"href":"https:\/\/intransformation.hamburg\/index.php\/wp-json\/wp\/v2\/pages"}],"about":[{"href":"https:\/\/intransformation.hamburg\/index.php\/wp-json\/wp\/v2\/types\/page"}],"author":[{"embeddable":true,"href":"https:\/\/intransformation.hamburg\/index.php\/wp-json\/wp\/v2\/users\/3"}],"replies":[{"embeddable":true,"href":"https:\/\/intransformation.hamburg\/index.php\/wp-json\/wp\/v2\/comments?post=531"}],"version-history":[{"count":42,"href":"https:\/\/intransformation.hamburg\/index.php\/wp-json\/wp\/v2\/pages\/531\/revisions"}],"predecessor-version":[{"id":1764,"href":"https:\/\/intransformation.hamburg\/index.php\/wp-json\/wp\/v2\/pages\/531\/revisions\/1764"}],"up":[{"embeddable":true,"href":"https:\/\/intransformation.hamburg\/index.php\/wp-json\/wp\/v2\/pages\/269"}],"wp:attachment":[{"href":"https:\/\/intransformation.hamburg\/index.php\/wp-json\/wp\/v2\/media?parent=531"}],"curies":[{"name":"wp","href":"https:\/\/api.w.org\/{rel}","templated":true}]}}