{"id":522,"date":"2015-12-09T14:47:00","date_gmt":"2015-12-09T13:47:00","guid":{"rendered":"http:\/\/www.intransformation.hamburg\/?page_id=522"},"modified":"2016-03-07T18:20:58","modified_gmt":"2016-03-07T17:20:58","slug":"programm","status":"publish","type":"page","link":"https:\/\/intransformation.hamburg\/index.php\/programm\/","title":{"rendered":"Programm"},"content":{"rendered":"<p><a href=\"http:\/\/www.intransformation.hamburg\/wp-content\/uploads\/2015\/11\/Plakat_Intransformation_rot.jpg\" rel=\"attachment wp-att-1780\"><img loading=\"lazy\" decoding=\"async\" class=\"wp-image-1780 alignleft\" src=\"http:\/\/www.intransformation.hamburg\/wp-content\/uploads\/2015\/11\/Plakat_Intransformation_rot-300x215.jpg\" alt=\"Plakat_Intransformation_rot\" width=\"250\" height=\"179\" srcset=\"https:\/\/intransformation.hamburg\/wp-content\/uploads\/2015\/11\/Plakat_Intransformation_rot-300x215.jpg 300w, https:\/\/intransformation.hamburg\/wp-content\/uploads\/2015\/11\/Plakat_Intransformation_rot-768x551.jpg 768w, https:\/\/intransformation.hamburg\/wp-content\/uploads\/2015\/11\/Plakat_Intransformation_rot-1024x734.jpg 1024w\" sizes=\"(max-width: 250px) 100vw, 250px\" \/><\/a>Am 5. Februar 2015 fanden auf dem Kunst- und Mediencampus zahlreiche Veranstaltungen statt. Vormittags konnten im Altbau Workshops Workshops besucht werden. Nach dem Mittagessen ging es im Neubau, im Forum Finkenau mit Vortr\u00e4gen weiter. Der Alumni-Abend und das Get-together folgten ebenfalls im Neubau. \u00dcber die Verlinkungen im Programm erhalten Sie weitere Informationen \u00fcber die Workshops und Vortr\u00e4ge sowie hinterlegte Pr\u00e4sentationsfolien.<\/p>\n<table>\n<tbody>\n<tr style=\"background-color: #efefef;\">\n<td style=\"text-align: center;\"><\/td>\n<td style=\"text-align: center;\">Workshops<\/td>\n<\/tr>\n<tr style=\"background-color: #efefef;\">\n<td><\/td>\n<td style=\"text-align: center;\"><a style=\"color: #f8324b;\" href=\"http:\/\/www.intransformation.hamburg\/index.php\/anne-barckow-heidi-jakob-marhab-willkommen-bibliotheken-machen-sich-auf-den-weg-ein-offener-austausch\/\">&#8222;Marhab &#8211; Willkommen: Bibliotheken machen sich auf den Weg &#8211; ein offener Austausch&#8220; &#8211; Anne Barckow &amp; Heidi Jakob<\/a> (Hamburger \u00d6ffentliche B\u00fccherhallen) [3h]<\/p>\n<p><a style=\"color: #f8324b;\" href=\"http:\/\/www.intransformation.hamburg\/index.php\/thomas-hapke-wie-digital-ist-informationskompetenz\/\">Wie digital ist Informationskompetenz? &#8211; Thomas Hapke<\/a> (UB-TU Hamburg-Harburg)\u00a0[3h]<\/p>\n<p><a style=\"color: #f8324b;\" href=\"http:\/\/www.intransformation.hamburg\/index.php\/sebastian-suenkler-trends-und-entwicklungen-in-der-web-suche-und-deren-relevanz-fuer-bibliotheken\/\">Trends und Entwicklungen in der Websuche und deren Relevanz f\u00fcr Bibliotheken &#8211; Sebastian S\u00fcnkler<\/a> (HAW Hamburg) [3h]<\/p>\n<p><a style=\"color: #f8324b;\" href=\"http:\/\/www.intransformation.hamburg\/index.php\/kirsten-jeude-massive-open-online-courses-und-bibliotheken-freunde-oder-fremde-die-rolle-von-bibliotheken-bei-moocs\/\">Massive Open Online Courses und Bibliotheken &#8211; Freunde oder Fremde? Die Rolle von Bibliotheken bei MOOCs &#8211; Kirsten Jeude<\/a> (ZBW Hamburg\/Kiel) [3h]<\/p>\n<p><a style=\"color: #f8324b;\" href=\"http:\/\/www.intransformation.hamburg\/index.php\/vera-marie-rodewald-gaming-in-der-bibliothek-medienkompetenzfoerderung-in-ausserschulischen-bildung-und-kultureinrichtungen\/\">Gaming in der Bibliothek? Medienkompetenzf\u00f6rderung in au\u00dferschulischen Bildungs- und Kultureinrichtungen &#8211; Vera Marie Rodewald<\/a> (HAW Hamburg) [3h]<\/p>\n<p><a style=\"color: #f8324b;\" href=\"http:\/\/www.intransformation.hamburg\/index.php\/julia-thor-video-tutorials-und-screencasting-ein-gutes-script-ist-alles-von-der-idee-zum-drehbuch\/\">Video-Tutorials und Screencasting: Ein gutes Script ist alles \u2013 Von der Idee zum Drehbuch &#8211; Julia Thor <\/a>(\u00c4ZB Hamburg) [1,5h]<\/td>\n<\/tr>\n<tr>\n<td style=\"text-align: center;\"><\/td>\n<td style=\"text-align: center;\"><\/td>\n<\/tr>\n<tr style=\"background-color: #efefef;\">\n<td style=\"text-align: center;\"><\/td>\n<td style=\"text-align: center;\"><\/td>\n<\/tr>\n<tr style=\"background-color: #efefef;\">\n<td><\/td>\n<td style=\"text-align: center;\"><a style=\"color: #f8324b;\" href=\"http:\/\/www.intransformation.hamburg\/index.php\/holger-wendt-von-der-buecheraufbewahrung-zum-lernraum-erfahrungen-mit-bibliotheksbauprojekten\/\">Von der B\u00fccheraufbewahrung zum Lernraum: Erfahrungen mit Bibliotheksbauprojekten &#8211; Holger Wendt<\/a> (HIBS, HAW Hamburg) [1,5h]<\/p>\n<p><a style=\"color: #f8324b;\" href=\"http:\/\/www.intransformation.hamburg\/index.php\/ulrike-spree-take-five-wie-die-bibliotheks-und-informationswissenschaft-die-welt-veraendert-hat\/\">Take five &#8211; wie die Bibliotheks- und Informationswissenschaft die Welt ver\u00e4ndert (hat) &#8211; Prof. Dr. Ulrike Spree<\/a> (HAW Hamburg, Department Information) [1,5h]<\/td>\n<\/tr>\n<tr>\n<td style=\"text-align: center;\"><\/td>\n<td style=\"text-align: center;\">Mittagspause<\/td>\n<\/tr>\n<tr style=\"background-color: #efefef;\">\n<td style=\"text-align: center;\"><\/td>\n<td style=\"text-align: center;\">Vortr\u00e4ge<\/td>\n<\/tr>\n<tr style=\"background-color: #efefef;\">\n<td><\/td>\n<td style=\"text-align: center;\">Begr\u00fc\u00dfung durch die Dekanin der Fakult\u00e4t DMI Prof. Dorothea Wenzel und die Departmentsleiterin Information Prof. Dr. Ulrike Verch<\/p>\n<p>Antwort ohne Fragen &#8211; Trendforschung in der Netzgesellschaft &#8211; Prof. Peter Wippermann (Folkwang Universit\u00e4t Essen\/Trendb\u00fcro Hamburg)<\/p>\n<p>Kreative Vernetzung f\u00fcr das kulturelle Erbe &#8211; Cod1ng DaV1nc1 &#8211; Stephan Bartholmei (Deutsche Digitale Bibliothek)<\/p>\n<p>Ein kollaborativ entwickelter Trendreport f\u00fcr Wissenschaftliche Bibliotheken &#8211; Prof. Dr. Rudolf Mumenthaler (HTW Chur)<\/p>\n<p><a style=\"color: #f8324b;\" href=\"http:\/\/www.intransformation.hamburg\/index.php\/prof-dr-ute-krauss-leichert-das-berufsbild-in-oeffentlichen-bibliotheken-move-and-make\/\">Das Berufsbild in \u00d6ffentlichen Bibliotheken: Move and Make &#8211; Prof. Dr. Ute Krau\u00df-Leichert<\/a> (HAW Hamburg)<\/td>\n<\/tr>\n<tr>\n<td style=\"text-align: center;\"><\/td>\n<td style=\"text-align: center;\"><a style=\"color: #f8324b;\" href=\"http:\/\/www.intransformation.hamburg\/index.php\/alumni-abend\/\">Get-together und Alumni-Abend<\/a><\/td>\n<\/tr>\n<tr style=\"background-color: #efefef;\">\n<td style=\"text-align: center;\"><\/td>\n<td style=\"text-align: center;\">Campusf\u00fchrungen und Projektpr\u00e4sentationen<\/td>\n<\/tr>\n<tr>\n<td style=\"text-align: center;\"><\/td>\n<td style=\"text-align: center;\">Sektempfang mit kleinem Snack und musikalischer Begleitung durch das \u201eEvergreen Trio\u201c<\/td>\n<\/tr>\n<tr style=\"background-color: #efefef;\">\n<td style=\"text-align: center;\"><\/td>\n<td style=\"text-align: center;\">Begr\u00fc\u00dfung durch Prof. Dr. Monika Bessenrodt-Weberpals (Vizepr\u00e4sidentin der HAW Hamburg) und Festvortrag von Frau Prof. em. Birgit Dankert<\/td>\n<\/tr>\n<tr>\n<td style=\"text-align: center;\"><\/td>\n<td style=\"text-align: center;\">Lesung und Gespr\u00e4ch mit dem Autor und Absolventen des Studiengangs Bibliotheks- und Informationsmanagement <a style=\"color: #f8324b;\" href=\"http:\/\/www.strohhutbu.de\/\">Arne Tiedemann<\/a><\/td>\n<\/tr>\n<tr style=\"background-color: #efefef;\">\n<td style=\"text-align: center;\"><\/td>\n<td style=\"text-align: center;\">Er\u00f6ffnung des Buffets, es spielt die Big Band \u201eWho\u2019s that?\u201c<\/td>\n<\/tr>\n<\/tbody>\n<\/table>\n<p>Das <a href=\"http:\/\/www.intransformation.hamburg\/wp-content\/uploads\/2016\/01\/20160128_Programm_Web.pdf\">Programm<\/a> steht auch als PDF-Version zum Download zur Verf\u00fcgung.<\/p>\n<p><a href=\"http:\/\/www.intransformation.hamburg\/index.php\/auftaktveranstaltung\/\">Zur\u00fcck zur Veranstaltung<\/a><\/p>\n","protected":false},"excerpt":{"rendered":"<p>Am 5. Februar 2015 fanden auf dem Kunst- und Mediencampus zahlreiche Veranstaltungen statt. Vormittags konnten im Altbau Workshops Workshops besucht werden. Nach dem Mittagessen ging es im Neubau, im Forum Finkenau mit Vortr\u00e4gen weiter. Der Alumni-Abend und das Get-together folgten ebenfalls im Neubau. \u00dcber die Verlinkungen im Programm erhalten Sie weitere Informationen \u00fcber die Workshops &#8230; <a class=\"read-more\" href=\"https:\/\/intransformation.hamburg\/index.php\/programm\/\">weiterlesen<\/a><\/p>\n","protected":false},"author":3,"featured_media":0,"parent":0,"menu_order":0,"comment_status":"closed","ping_status":"closed","template":"","meta":{"ngg_post_thumbnail":0,"footnotes":"","_mc_calendar":[]},"_links":{"self":[{"href":"https:\/\/intransformation.hamburg\/index.php\/wp-json\/wp\/v2\/pages\/522"}],"collection":[{"href":"https:\/\/intransformation.hamburg\/index.php\/wp-json\/wp\/v2\/pages"}],"about":[{"href":"https:\/\/intransformation.hamburg\/index.php\/wp-json\/wp\/v2\/types\/page"}],"author":[{"embeddable":true,"href":"https:\/\/intransformation.hamburg\/index.php\/wp-json\/wp\/v2\/users\/3"}],"replies":[{"embeddable":true,"href":"https:\/\/intransformation.hamburg\/index.php\/wp-json\/wp\/v2\/comments?post=522"}],"version-history":[{"count":79,"href":"https:\/\/intransformation.hamburg\/index.php\/wp-json\/wp\/v2\/pages\/522\/revisions"}],"predecessor-version":[{"id":1785,"href":"https:\/\/intransformation.hamburg\/index.php\/wp-json\/wp\/v2\/pages\/522\/revisions\/1785"}],"wp:attachment":[{"href":"https:\/\/intransformation.hamburg\/index.php\/wp-json\/wp\/v2\/media?parent=522"}],"curies":[{"name":"wp","href":"https:\/\/api.w.org\/{rel}","templated":true}]}}