{"id":2442,"date":"2016-11-17T15:38:54","date_gmt":"2016-11-17T14:38:54","guid":{"rendered":"http:\/\/www.intransformation.hamburg\/?page_id=2442"},"modified":"2017-07-11T14:14:06","modified_gmt":"2017-07-11T12:14:06","slug":"hamburger-innovationspreis-ranganathan","status":"publish","type":"page","link":"https:\/\/intransformation.hamburg\/index.php\/hamburger-innovationspreis-ranganathan\/","title":{"rendered":"Hamburger Innovationspreis Ranganathan"},"content":{"rendered":"<p>Es ist soweit, am 13.07.2017, um 19.30 Uhr, verleiht das Department Information den Hamburger Innovationspreis Ranganathan! Die Auszeichnung erfolgt zusammen mit der Er\u00f6ffnung des Medienkompetenzzentrums im Rahmen der Sommerausstellung der Fakult\u00e4t Design, Medien und Informtion auf dem <a href=\"http:\/\/intransformation.hamburg\/index.php\/anfahrt_kontakt\/\">Kunst- und Mediencampus Hamburg<\/a> im Altbau, Raum U29a. Die Spannung steigt, wer wohl gewonnen hat. Alle sind herzlich Willkommen!<\/p>\n<p>Videobotschaft anl\u00e4sslich der Auslobung des Hamburger Innovationspreises Ranganathan von Ranga Yogeshwar, Enkel des bedeutenden indischen Bibliothekars und Mathematikers S. R. Ranganathan (1892-1972):<\/p>\n<p><iframe loading=\"lazy\" src=\"https:\/\/www.youtube.com\/embed\/K5Or0_vDihQ\" width=\"560\" height=\"315\" frameborder=\"0\" allowfullscreen=\"allowfullscreen\"><\/iframe><\/p>\n<p>Das Department Information lobte den Hamburger Innovationspreis Ranganathan anl\u00e4sslich seines Jubil\u00e4ums \u00bb70 Jahre in\/trans\/formation\u00ab 2016 zum ersten Mal aus. Er ist mit 2.000 \u20ac dotiert. Der Preis wird im Juli 2017 verliehen. Mit dem Hamburger Innovationspreis Ranganathan honoriert das Department Information innovative Ideen und Projekte in der Metropolregion Hamburg, die das Potenzial haben, den Bibliotheks- und Informationssektor langfristig voran zu treiben. Ziel des Preises ist es, au\u00dfergew\u00f6hnliche Ideen und Projekte im Bereich Bibliothek- und Information im Hinblick auf die Ausgestaltung und Weiterentwicklung der Informationsgesellschaft zu f\u00f6rdern und in den Fokus der \u00d6ffentlichkeit zu r\u00fccken. Viele Ideen entstehen im Verborgenen und h\u00e4ufig fehlt die Zeit und das Personal, diese weiter zu entwickeln und umzusetzen. Der Hamburger Innovationspreis Ranganathan will Impulsgeber und Motivator f\u00fcr Ideen sein, die langfristigen Nutzen und Erfolg versprechen.<\/p>\n<p>Direkt zu:<\/p>\n<ul>\n<li><a href=\"#teilnahmebedingungen\">Teilnahmebedingungen<\/a><\/li>\n<li><a href=\"#auswahlkriterien\">Auswahlkriterien<\/a><\/li>\n<li><a href=\"#jury\">Jury<\/a><\/li>\n<li><a href=\"#namensgeber\">Namensgeber S. R. Ranganathan<\/a><\/li>\n<\/ul>\n<h2 id=\"ziel\">Teilnahmebedingungen<\/h2>\n<p>Einzelpersonen, Bibliotheken und Informationseinrichtungen sowie Projekte, die hohes Innovationspotenzial f\u00fcr Bibliotheken oder f\u00fcr den Informationssektor aufweisen. Die Teilnehmenden k\u00f6nnen sich selbst bewerben (Projektbeteiligte) oder (von Dritten) vorgeschlagen werden. Es k\u00f6nnen sowohl Ideen, Projekte als auch fertige Produkte eingereicht werden. Der Bewerbungsaufruf f\u00fcr dieses Jahr ist beim Festakt am Tag der Bibliotheken erfolgt und wird \u00fcber die Fachmedien verbreitet. <strong>Bewerbungsschluss ist der 28. Februar 2017<\/strong>. Das Bewerbungsverfahren ist zweistufig. Zun\u00e4chst wird eine einseitige Skizze im pdf-Format via <strong>hip-ranganathan@haw-hamburg.de<\/strong> eingereicht. Die vielversprechendsten Vorschl\u00e4ge werden gebeten eine ausf\u00fchrliche Bewerbung (zwei bis f\u00fcnf Seiten) bis Ende Mai einzureichen.<\/p>\n<h2 id=\"auswahlkriterien\">Auswahlkriterien<\/h2>\n<p>Innovationsgrad \u2013 Was ist das Neue und das Besondere an der Idee, dem Projekt? Was unterscheidet sie\/es von anderen Ideen\/ Projekten?<\/p>\n<p>Nachhaltigkeit \u2013 Was wird diese Idee\/Entwicklung langfristig ver\u00e4ndern?<\/p>\n<p>Relevanz \u2013 Wie wichtig ist diese Entwicklung\/Dienstleistung im Hinblick auf den gesellschaftlichen Nutzen?<\/p>\n<p>Praxisbezug \u2013 Wie gut l\u00e4sst sich die Idee\/ das Projekt in Bibliotheken und Informationseinrichtungen praktisch umsetzen und nachnutzen?<\/p>\n<p>Kooperation \u2013 Gibt es ungew\u00f6hnliche interdisziplin\u00e4re Team- oder Kooperationsleistungen?<\/p>\n<p>Regionalit\u00e4t \u2013 Hamburger Metropolregion und norddeutsches Umland.<\/p>\n<p>Aktualit\u00e4t \u2013 Die Arbeit darf nicht \u00e4lter sein als zwei Jahre.<\/p>\n<h2 id=\"jury\">Jury<\/h2>\n<p>Die Jury besteht aus Angeh\u00f6rigen der Hochschule und externen Experten\/innen.<\/p>\n<h2 id=\"namensgeber\">Namensgeber S. R. Ranganathan<\/h2>\n<p>Wie kaum ein anderer Bibliothekar verk\u00f6rpert Ranganathan sowohl Innovation als auch Nachhaltigkeit in der Bibliotheks- und Informationswissenschaft. Er engagierte sich f\u00fcr die Einrichtung \u00d6ffentlicher Bibliotheken und einer indischen Nationalbibliothek. Seine in den 1930er Jahren entstandenen Ideen haben die Bibliothekswissenschaft und -praxis weltweit entscheidend gepr\u00e4gt. Ausformuliert wird dieser Ansatz in den immer noch aktuellen f\u00fcnf Gesetzen der Bibliothekswissenschaft: 1. B\u00fccher sind zum Benutzen da. 2. Jedem Buch seinen Leser. 3. Jedem Leser sein Buch. 4. Die Zeit des Lesers sparen. 5. Eine Bibliothek ist ein wachsender Organismus. Das von Ranganathan in seiner Colon-Klassifikation (1932) weiterentwickelte Prinzip der Facettierung von Klassifikationssystemen hat sich als sehr n\u00fctzliches Instrument zur Strukturierung und Filterung von Informationsangeboten im Internet durchgesetzt. Facettenklassifikationen unterst\u00fctzen die Kunden bei der Suche in modernen Bibliothekskatalogen ebenso wie bei der Spezifizierung ihrer W\u00fcnsche in E-Commerce-Anwendungen, z. B. bei \u201eebay\u201c, \u201eamazon\u201c oder \u201eotto\u201c.<\/p>\n","protected":false},"excerpt":{"rendered":"<p>Es ist soweit, am 13.07.2017, um 19.30 Uhr, verleiht das Department Information den Hamburger Innovationspreis Ranganathan! Die Auszeichnung erfolgt zusammen mit der Er\u00f6ffnung des Medienkompetenzzentrums im Rahmen der Sommerausstellung der Fakult\u00e4t Design, Medien und Informtion auf dem Kunst- und Mediencampus Hamburg im Altbau, Raum U29a. Die Spannung steigt, wer wohl gewonnen hat. Alle sind herzlich &#8230; <a class=\"read-more\" href=\"https:\/\/intransformation.hamburg\/index.php\/hamburger-innovationspreis-ranganathan\/\">weiterlesen<\/a><\/p>\n","protected":false},"author":4,"featured_media":0,"parent":0,"menu_order":0,"comment_status":"closed","ping_status":"closed","template":"","meta":{"ngg_post_thumbnail":0,"footnotes":"","_mc_calendar":[]},"_links":{"self":[{"href":"https:\/\/intransformation.hamburg\/index.php\/wp-json\/wp\/v2\/pages\/2442"}],"collection":[{"href":"https:\/\/intransformation.hamburg\/index.php\/wp-json\/wp\/v2\/pages"}],"about":[{"href":"https:\/\/intransformation.hamburg\/index.php\/wp-json\/wp\/v2\/types\/page"}],"author":[{"embeddable":true,"href":"https:\/\/intransformation.hamburg\/index.php\/wp-json\/wp\/v2\/users\/4"}],"replies":[{"embeddable":true,"href":"https:\/\/intransformation.hamburg\/index.php\/wp-json\/wp\/v2\/comments?post=2442"}],"version-history":[{"count":10,"href":"https:\/\/intransformation.hamburg\/index.php\/wp-json\/wp\/v2\/pages\/2442\/revisions"}],"predecessor-version":[{"id":2831,"href":"https:\/\/intransformation.hamburg\/index.php\/wp-json\/wp\/v2\/pages\/2442\/revisions\/2831"}],"wp:attachment":[{"href":"https:\/\/intransformation.hamburg\/index.php\/wp-json\/wp\/v2\/media?parent=2442"}],"curies":[{"name":"wp","href":"https:\/\/api.w.org\/{rel}","templated":true}]}}