{"id":2416,"date":"2016-11-16T12:16:04","date_gmt":"2016-11-16T11:16:04","guid":{"rendered":"http:\/\/www.intransformation.hamburg\/?page_id=2416"},"modified":"2016-11-30T11:28:31","modified_gmt":"2016-11-30T10:28:31","slug":"magazin","status":"publish","type":"page","link":"https:\/\/intransformation.hamburg\/index.php\/magazin\/","title":{"rendered":"Magazin"},"content":{"rendered":"<p>Zum Festakt Ende Oktober 2016 konnte das druckfrische Magazin \u00bbin\/trans\/formation\u00ab pr\u00e4sentiert werden.<\/p>\n<p><a href=\"http:\/\/www.intransformation.hamburg\/wp-content\/uploads\/2016\/11\/20161116_MagazinCover.jpg\"><img loading=\"lazy\" decoding=\"async\" class=\"alignright wp-image-2423 size-medium\" src=\"http:\/\/www.intransformation.hamburg\/wp-content\/uploads\/2016\/11\/20161116_MagazinCover-214x300.jpg\" alt=\"Magazin Cover\" width=\"214\" height=\"300\" srcset=\"https:\/\/intransformation.hamburg\/wp-content\/uploads\/2016\/11\/20161116_MagazinCover-214x300.jpg 214w, https:\/\/intransformation.hamburg\/wp-content\/uploads\/2016\/11\/20161116_MagazinCover-729x1024.jpg 729w, https:\/\/intransformation.hamburg\/wp-content\/uploads\/2016\/11\/20161116_MagazinCover.jpg 747w\" sizes=\"(max-width: 214px) 100vw, 214px\" \/><\/a>Mit unserem Magazin zum Jubil\u00e4um wollen wir zeigen, welche Transformationsprozesse das Department Information betreibt, um eine zeitgem\u00e4\u00dfe Ausbildung zu erm\u00f6glichen. Einen sehr pers\u00f6nlichen <strong>R\u00fcckblick<\/strong> auf die wechselvolle wie spannungsreiche Geschichte der bibliothekarischen Ausbildung in Hamburg bieten die Beitr\u00e4ge unserer gesch\u00e4tzten Emerita Birgit Dankert sowie der Alumni. Im <strong>Augenblick<\/strong> betrachten wir das Jubil\u00e4um selbst. Die Highlights der Auftaktveranstaltung \u00bbMove and Make\u00ab, der Ringvorlesung \u00bbNeues Lesen\u00ab und der Ausstellung \u00bbin\/trans\/ formation \u2013 70 Jahre bibliothekarische Ausbildung in Hamburg\u00ab sind dort versammelt. Au\u00dferdem werfen wir einige Schlaglichter auf aktuelle Lehr- und Forschungsthemen und bieten damit einen <strong>Einblick<\/strong> in unseren derzeitigen und zuk\u00fcnftigen Studienalltag. Bibliotheken bewegen sich heute immer wieder im Spannungsfeld von Tradition und den digitalen und gesellschaftlichen Herausforderungen unserer Zeit. Die Beitr\u00e4ge von Andreas Mittrowann, Ulrich Raulff, James Turek, Arne Tiedemann und Thomas Kunst werfen darauf erhellende \u2013 und hoffentlich \u00fcberraschende \u2013 <strong>Seitenblicke<\/strong>.<\/p>\n<p>Wenn Sie jetzt auf den Geschmack gekommen sind, k\u00f6nnen Sie in der <a href=\"http:\/\/www.intransformation.hamburg\/wp-content\/uploads\/2016\/11\/MagazinVorschau.pdf\">Magazinvorschau<\/a> schm\u00f6ckern.<\/p>\n<p>Gef\u00e4llt Ihnen unser Magazin? Mit dem unten stehenden Formular k\u00f6nnen Sie es bestellen!<\/p>\n<div class=\"fm-message fm-notice-error\">The form you are trying to view does not have Embedded display type.<\/div>\n<p>Reicht Ihnen die elektronische Version des Magazins? Gerne stellen wir in\/trans\/formation als <a href=\"http:\/\/www.intransformation.hamburg\/wp-content\/uploads\/2016\/11\/Magazin_intransformation_web.pdf\">eMagazin<\/a> im pdf-Format zur Verf\u00fcgung.<\/p>\n","protected":false},"excerpt":{"rendered":"<p>Zum Festakt Ende Oktober 2016 konnte das druckfrische Magazin \u00bbin\/trans\/formation\u00ab pr\u00e4sentiert werden. Mit unserem Magazin zum Jubil\u00e4um wollen wir zeigen, welche Transformationsprozesse das Department Information betreibt, um eine zeitgem\u00e4\u00dfe Ausbildung zu erm\u00f6glichen. Einen sehr pers\u00f6nlichen R\u00fcckblick auf die wechselvolle wie spannungsreiche Geschichte der bibliothekarischen Ausbildung in Hamburg bieten die Beitr\u00e4ge unserer gesch\u00e4tzten Emerita Birgit Dankert &#8230; <a class=\"read-more\" href=\"https:\/\/intransformation.hamburg\/index.php\/magazin\/\">weiterlesen<\/a><\/p>\n","protected":false},"author":4,"featured_media":0,"parent":0,"menu_order":0,"comment_status":"closed","ping_status":"closed","template":"","meta":{"ngg_post_thumbnail":0,"footnotes":"","_mc_calendar":[]},"_links":{"self":[{"href":"https:\/\/intransformation.hamburg\/index.php\/wp-json\/wp\/v2\/pages\/2416"}],"collection":[{"href":"https:\/\/intransformation.hamburg\/index.php\/wp-json\/wp\/v2\/pages"}],"about":[{"href":"https:\/\/intransformation.hamburg\/index.php\/wp-json\/wp\/v2\/types\/page"}],"author":[{"embeddable":true,"href":"https:\/\/intransformation.hamburg\/index.php\/wp-json\/wp\/v2\/users\/4"}],"replies":[{"embeddable":true,"href":"https:\/\/intransformation.hamburg\/index.php\/wp-json\/wp\/v2\/comments?post=2416"}],"version-history":[{"count":8,"href":"https:\/\/intransformation.hamburg\/index.php\/wp-json\/wp\/v2\/pages\/2416\/revisions"}],"predecessor-version":[{"id":2819,"href":"https:\/\/intransformation.hamburg\/index.php\/wp-json\/wp\/v2\/pages\/2416\/revisions\/2819"}],"wp:attachment":[{"href":"https:\/\/intransformation.hamburg\/index.php\/wp-json\/wp\/v2\/media?parent=2416"}],"curies":[{"name":"wp","href":"https:\/\/api.w.org\/{rel}","templated":true}]}}