{"id":2209,"date":"2016-06-29T15:06:54","date_gmt":"2016-06-29T13:06:54","guid":{"rendered":"http:\/\/www.intransformation.hamburg\/?page_id=2209"},"modified":"2016-07-14T10:15:47","modified_gmt":"2016-07-14T08:15:47","slug":"virtuelle-ausstellung","status":"publish","type":"page","link":"https:\/\/intransformation.hamburg\/index.php\/virtuelle-ausstellung\/","title":{"rendered":"Virtuelle Ausstellung"},"content":{"rendered":"<p>Zum Jubil\u00e4um des Departments Information wurde neben der physischen Ausstellung auch eine virtuelle Ausstellung eingerichtet. In dieser werden weitere Inhalte zum Thema bibliothekarische Ausbildung in Hamburg pr\u00e4sentiert und zus\u00e4tzlich aufbereitet. Zur virtuellen Ausstellung gelangen Sie \u00fcber das untenstehende Banner oder den Link <a href=\"http:\/\/www.intransformation.hamburg\/movio\/movio\">http:\/\/www.intransformation.hamburg\/movio\/movio<\/a>.<\/p>\n<p><a href=\"http:\/\/intransformation.hamburg\/movio\/movio\" target=\"_blank\"><img loading=\"lazy\" decoding=\"async\" class=\"aligncenter wp-image-2215\" style=\"border: solid 5px; border-color: #008b95; border-radius: 5px;\" src=\"http:\/\/www.intransformation.hamburg\/wp-content\/uploads\/2016\/06\/Banner-300x68.png\" alt=\"Banner\" width=\"688\" height=\"156\" srcset=\"https:\/\/intransformation.hamburg\/wp-content\/uploads\/2016\/06\/Banner-300x68.png 300w, https:\/\/intransformation.hamburg\/wp-content\/uploads\/2016\/06\/Banner-768x173.png 768w, https:\/\/intransformation.hamburg\/wp-content\/uploads\/2016\/06\/Banner-1024x231.png 1024w, https:\/\/intransformation.hamburg\/wp-content\/uploads\/2016\/06\/Banner.png 2016w\" sizes=\"(max-width: 688px) 100vw, 688px\" \/><\/a><\/p>\n<p>&nbsp;<\/p>\n<p>Weitere Informationen finden Sie auf dieser Webseite unter <a href=\"http:\/\/www.intransformation.hamburg\/index.php\/ausstellung\/\">Ausstellung<\/a>.<\/p>\n","protected":false},"excerpt":{"rendered":"<p>Zum Jubil\u00e4um des Departments Information wurde neben der physischen Ausstellung auch eine virtuelle Ausstellung eingerichtet. In dieser werden weitere Inhalte zum Thema bibliothekarische Ausbildung in Hamburg pr\u00e4sentiert und zus\u00e4tzlich aufbereitet. Zur virtuellen Ausstellung gelangen Sie \u00fcber das untenstehende Banner oder den Link http:\/\/www.intransformation.hamburg\/movio\/movio. &nbsp; Weitere Informationen finden Sie auf dieser Webseite unter Ausstellung.<\/p>\n","protected":false},"author":3,"featured_media":0,"parent":0,"menu_order":0,"comment_status":"closed","ping_status":"closed","template":"","meta":{"ngg_post_thumbnail":0,"footnotes":"","_mc_calendar":[]},"_links":{"self":[{"href":"https:\/\/intransformation.hamburg\/index.php\/wp-json\/wp\/v2\/pages\/2209"}],"collection":[{"href":"https:\/\/intransformation.hamburg\/index.php\/wp-json\/wp\/v2\/pages"}],"about":[{"href":"https:\/\/intransformation.hamburg\/index.php\/wp-json\/wp\/v2\/types\/page"}],"author":[{"embeddable":true,"href":"https:\/\/intransformation.hamburg\/index.php\/wp-json\/wp\/v2\/users\/3"}],"replies":[{"embeddable":true,"href":"https:\/\/intransformation.hamburg\/index.php\/wp-json\/wp\/v2\/comments?post=2209"}],"version-history":[{"count":12,"href":"https:\/\/intransformation.hamburg\/index.php\/wp-json\/wp\/v2\/pages\/2209\/revisions"}],"predecessor-version":[{"id":2304,"href":"https:\/\/intransformation.hamburg\/index.php\/wp-json\/wp\/v2\/pages\/2209\/revisions\/2304"}],"wp:attachment":[{"href":"https:\/\/intransformation.hamburg\/index.php\/wp-json\/wp\/v2\/media?parent=2209"}],"curies":[{"name":"wp","href":"https:\/\/api.w.org\/{rel}","templated":true}]}}