{"id":2,"date":"2015-11-23T13:28:49","date_gmt":"2015-11-23T12:28:49","guid":{"rendered":"http:\/\/70jahre.bui.haw-hamburg.de\/70jahre\/?page_id=2"},"modified":"2017-01-31T10:18:10","modified_gmt":"2017-01-31T09:18:10","slug":"beispiel-seite","status":"publish","type":"page","link":"https:\/\/intransformation.hamburg\/","title":{"rendered":"Home"},"content":{"rendered":"<p>2016 feierte das <a style=\"color: #f8324b;\" href=\"http:\/\/www.haw-hamburg.de\/department-information.html\" target=\"_blank\">Department Information<\/a> der\u00a0<a style=\"color: #f8324b;\" href=\"http:\/\/www.haw-hamburg.de\/\" target=\"_blank\">HAW Hamburg<\/a> 70 Jahre bibliothekarische Ausbildung f\u00fcr \u00f6ffentliche und wissenschaftliche Bibliotheken in Hamburg und 45 Jahre Fachbereich Bibliothek und Information an der Hochschule f\u00fcr Angewandte Wissenschaften. Aus den Anf\u00e4ngen der \u201eHamburger B\u00fcchereikurse\u201c (1945) und der \u201eHamburger Bibliotheksschule\u201c (1946) hat sich im Laufe der Zeit ein modernes Studienangebot entwickelt. Heute wird am Department Information das Management von Bibliotheken, Medien und Information gelehrt.<\/p>\n<p><iframe loading=\"lazy\" width=\"560\" height=\"315\" src=\"https:\/\/www.youtube.com\/embed\/LUwaH9OMgrg\" frameborder=\"0\" allowfullscreen><\/iframe><\/p>\n<p>Das Jubil\u00e4umsjahr haben wir Anfang Februar mit der <a href=\"http:\/\/www.intransformation.hamburg\/index.php\/auftaktveranstaltung\/\">Fachtagung \u201eMove and Make \u2013 in\/trans\/formation durch Themen, Trends und Visionen\u201c<\/a> und einem <a href=\"http:\/\/www.intransformation.hamburg\/index.php\/auftaktveranstaltung\/alumni-abend\/\">Alumni-Abend <\/a>er\u00f6ffnet. Von Mai bis Juli lud die <a href=\"http:\/\/www.intransformation.hamburg\/index.php\/neues-lesen\/\">\u00f6ffentliche Ringvorlesung \u201eNeues Lesen\u201c<\/a> dazu ein, das ver\u00e4nderte Leseverhalten vor dem Hintergrund der Digitalisierung kennenzulernen. Vom 7. bis 9. Juli bot die <a href=\"http:\/\/www.intransformation.hamburg\/index.php\/neues-lesen\/\">Ausstellung \u201ein\/trans\/formation\u201c<\/a> die M\u00f6glichkeit, 70 Jahre bibliothekarische Ausbildung in Hamburg Revue passieren zu lassen. Wer die analoge Ausstellung verpasst hat, ist herzlich eingeladen die <a href=\"http:\/\/www.intransformation.hamburg\/movio\/movio\/\">virtuelle Ausstellung<\/a> zu erkunden. Am Tag der Bibliotheken, dem 24. Oktober 2016 fand der <a style=\"color: #f8324b;\" href=\"http:\/\/www.intransformation.hamburg\/index.php\/festakt\/\">Festakt<\/a> statt, den wir gemeinsam mit KollegInnen des Fachs, der Politik, der Hochschul\u00f6ffentlichkeit, unseren Alumni und Studierenden, gefeiert haben. Mit dabei waren Katharina Fegebank, 2. B\u00fcrgermeisterin und Wissenschaftssenatorin, unsere Alumna Lilo Wanders sowie Festredner und Alumnus Andreas Mittrowann. Vielf\u00e4ltige Eindr\u00fccke unserer Veranstaltungen finden Sie in der <a href=\"http:\/\/www.intransformation.hamburg\/index.php\/galerie\/\">Galerie<\/a>.<\/p>\n<p><strong><a href=\"http:\/\/www.intransformation.hamburg\/wp-content\/uploads\/2016\/07\/Intransformation_Logo_dreizeilig_4.jpg\"><img loading=\"lazy\" decoding=\"async\" class=\"alignright size-medium wp-image-2272\" src=\"http:\/\/www.intransformation.hamburg\/wp-content\/uploads\/2016\/07\/Intransformation_Logo_dreizeilig_4-300x200.jpg\" alt=\"Intransformation_Logo_dreizeilig_4\" width=\"300\" height=\"200\" srcset=\"https:\/\/intransformation.hamburg\/wp-content\/uploads\/2016\/07\/Intransformation_Logo_dreizeilig_4-300x200.jpg 300w, https:\/\/intransformation.hamburg\/wp-content\/uploads\/2016\/07\/Intransformation_Logo_dreizeilig_4.jpg 512w\" sizes=\"(max-width: 300px) 100vw, 300px\" \/><\/a><\/strong>\u00bbin\/trans\/formation\u00ab \u2013 mit dem Motto unseres Jubil\u00e4umsjahrs verbinden wir Vergangenheit, Gegenwart und Zukunft. Dabei geht es um die st\u00e4ndige Anpassung an ver\u00e4nderte Rahmenbedingungen, den Wandel und die Dynamik des Berufsfeldes und damit auch der Ausbildung. Besonders das Thema Digitalisierung bewegt seit mehreren Jahrzehnten die Bibliotheken und Informationseinrichtungen.<\/p>\n","protected":false},"excerpt":{"rendered":"<p>2016 feierte das Department Information der\u00a0HAW Hamburg 70 Jahre bibliothekarische Ausbildung f\u00fcr \u00f6ffentliche und wissenschaftliche Bibliotheken in Hamburg und 45 Jahre Fachbereich Bibliothek und Information an der Hochschule f\u00fcr Angewandte Wissenschaften. Aus den Anf\u00e4ngen der \u201eHamburger B\u00fcchereikurse\u201c (1945) und der \u201eHamburger Bibliotheksschule\u201c (1946) hat sich im Laufe der Zeit ein modernes Studienangebot entwickelt. Heute wird &#8230; <a class=\"read-more\" href=\"https:\/\/intransformation.hamburg\/\">weiterlesen<\/a><\/p>\n","protected":false},"author":1,"featured_media":0,"parent":0,"menu_order":0,"comment_status":"closed","ping_status":"closed","template":"","meta":{"ngg_post_thumbnail":0,"footnotes":"","_mc_calendar":[]},"_links":{"self":[{"href":"https:\/\/intransformation.hamburg\/index.php\/wp-json\/wp\/v2\/pages\/2"}],"collection":[{"href":"https:\/\/intransformation.hamburg\/index.php\/wp-json\/wp\/v2\/pages"}],"about":[{"href":"https:\/\/intransformation.hamburg\/index.php\/wp-json\/wp\/v2\/types\/page"}],"author":[{"embeddable":true,"href":"https:\/\/intransformation.hamburg\/index.php\/wp-json\/wp\/v2\/users\/1"}],"replies":[{"embeddable":true,"href":"https:\/\/intransformation.hamburg\/index.php\/wp-json\/wp\/v2\/comments?post=2"}],"version-history":[{"count":87,"href":"https:\/\/intransformation.hamburg\/index.php\/wp-json\/wp\/v2\/pages\/2\/revisions"}],"predecessor-version":[{"id":2827,"href":"https:\/\/intransformation.hamburg\/index.php\/wp-json\/wp\/v2\/pages\/2\/revisions\/2827"}],"wp:attachment":[{"href":"https:\/\/intransformation.hamburg\/index.php\/wp-json\/wp\/v2\/media?parent=2"}],"curies":[{"name":"wp","href":"https:\/\/api.w.org\/{rel}","templated":true}]}}