{"id":138,"date":"2015-11-29T17:15:23","date_gmt":"2015-11-29T16:15:23","guid":{"rendered":"http:\/\/70jahre.bui.haw-hamburg.de\/70jahre\/?page_id=138"},"modified":"2016-11-24T15:40:51","modified_gmt":"2016-11-24T14:40:51","slug":"galerie","status":"publish","type":"page","link":"https:\/\/intransformation.hamburg\/index.php\/galerie\/","title":{"rendered":"Galerie"},"content":{"rendered":"<p>\t<div class=\"ngg-albumoverview default-view\">\n\t\t\t\t\t<div class=\"ngg-album\">\n\t\t\t\t<div class=\"ngg-albumcontent\">\n\t\t\t\t\t\t\t\t\t\t\t<div class=\"ngg-thumbnail\">\n\t\t\t\t\t\t\t<a class='gallery_link' href='https:\/\/intransformation.hamburg\/index.php\/galerie\/nggallery\/ausstellung\/auftaktveranstaltung'>\n\t\t\t\t\t\t\t\t<img class=\"Thumb\"\n\t\t\t\t\t\t\t\t\talt=\"Auftaktveranstaltung\"\n\t\t\t\t\t\t\t\t\tsrc=\"https:\/\/intransformation.hamburg\/wp-content\/gallery\/auftaktveranstaltung\/cache\/MG_7135.JPG-nggid03339-ngg0dyn-240x160x100-00f0w010c011r110f110r010t010.JPG\"\/>\n\t\t\t\t\t\t\t<\/a>\n\t\t\t\t\t\t<\/div>\n\t\t\t\t\t\t\t\t\t\t<div class=\"ngg-albumtitle\">\n\t\t\t\t\t\t<a class='gallery_link' href='https:\/\/intransformation.hamburg\/index.php\/galerie\/nggallery\/ausstellung\/auftaktveranstaltung'>Auftaktveranstaltung<\/a>\n\t\t\t\t\t<\/div>\n\t\t\t\t\t<div class=\"ngg-description\">\n\t\t\t\t\t\t<p>\u00bbMove and Make \u2013 in\/trans\/formation durch Themen, Trends und Visionen\u00ab am 5. Februar 2016<\/p>\n\t\t\t\t\t\t\t\t\t\t\t\t\t<p class=\"ngg-album-gallery-image-counter\">\n\t\t\t\t\t\t\t\t<strong>85<\/strong>&nbsp;Fotos<\/p>\n\t\t\t\t\t\t\t\t\t\t\t<\/div>\n\t\t\t\t<\/div>\n\t\t\t<\/div>\n\t\t\t\t\t<div class=\"ngg-album\">\n\t\t\t\t<div class=\"ngg-albumcontent\">\n\t\t\t\t\t\t\t\t\t\t\t<div class=\"ngg-thumbnail\">\n\t\t\t\t\t\t\t<a class='gallery_link' href='https:\/\/intransformation.hamburg\/index.php\/galerie\/nggallery\/ausstellung\/ausstellung'>\n\t\t\t\t\t\t\t\t<img class=\"Thumb\"\n\t\t\t\t\t\t\t\t\talt=\"Ausstellungser\u00f6ffnung\"\n\t\t\t\t\t\t\t\t\tsrc=\"https:\/\/intransformation.hamburg\/wp-content\/gallery\/ausstellungseroeffnung\/cache\/DSC_1817.JPG-nggid03647-ngg0dyn-240x160x100-00f0w010c011r110f110r010t010.JPG\"\/>\n\t\t\t\t\t\t\t<\/a>\n\t\t\t\t\t\t<\/div>\n\t\t\t\t\t\t\t\t\t\t<div class=\"ngg-albumtitle\">\n\t\t\t\t\t\t<a class='gallery_link' href='https:\/\/intransformation.hamburg\/index.php\/galerie\/nggallery\/ausstellung\/ausstellung'>Ausstellungser\u00f6ffnung<\/a>\n\t\t\t\t\t<\/div>\n\t\t\t\t\t<div class=\"ngg-description\">\n\t\t\t\t\t\t<p>Er\u00f6ffnung der Ausstellung am 7. Juli 2016<\/p>\n\t\t\t\t\t\t\t\t\t\t\t\t\t<p class=\"ngg-album-gallery-image-counter\">\n\t\t\t\t\t\t\t\t<strong>72<\/strong>&nbsp;Fotos<\/p>\n\t\t\t\t\t\t\t\t\t\t\t<\/div>\n\t\t\t\t<\/div>\n\t\t\t<\/div>\n\t\t\t\t\t<div class=\"ngg-album\">\n\t\t\t\t<div class=\"ngg-albumcontent\">\n\t\t\t\t\t\t\t\t\t\t\t<div class=\"ngg-thumbnail\">\n\t\t\t\t\t\t\t<a class='gallery_link' href='https:\/\/intransformation.hamburg\/index.php\/galerie\/nggallery\/ausstellung\/Ringvorlesung-Neues-Lesen'>\n\t\t\t\t\t\t\t\t<img class=\"Thumb\"\n\t\t\t\t\t\t\t\t\talt=\"Ringvorlesung Neues Lesen\"\n\t\t\t\t\t\t\t\t\tsrc=\"https:\/\/intransformation.hamburg\/wp-content\/gallery\/Ringvorlesung-Neues-Lesen\/cache\/20160519_Neues_Lesen_216.jpg-nggid03473-ngg0dyn-240x160x100-00f0w010c011r110f110r010t010.jpg\"\/>\n\t\t\t\t\t\t\t<\/a>\n\t\t\t\t\t\t<\/div>\n\t\t\t\t\t\t\t\t\t\t<div class=\"ngg-albumtitle\">\n\t\t\t\t\t\t<a class='gallery_link' href='https:\/\/intransformation.hamburg\/index.php\/galerie\/nggallery\/ausstellung\/Ringvorlesung-Neues-Lesen'>Ringvorlesung Neues Lesen<\/a>\n\t\t\t\t\t<\/div>\n\t\t\t\t\t<div class=\"ngg-description\">\n\t\t\t\t\t\t<p>Eindr\u00fccke aus der Ringvorlesung \"Neues Lesen\" im Sommersemester 2016<\/p>\n\t\t\t\t\t\t\t\t\t\t\t\t\t<p class=\"ngg-album-gallery-image-counter\">\n\t\t\t\t\t\t\t\t<strong>57<\/strong>&nbsp;Fotos<\/p>\n\t\t\t\t\t\t\t\t\t\t\t<\/div>\n\t\t\t\t<\/div>\n\t\t\t<\/div>\n\t\t\t\t\t<div class=\"ngg-album\">\n\t\t\t\t<div class=\"ngg-albumcontent\">\n\t\t\t\t\t\t\t\t\t\t\t<div class=\"ngg-thumbnail\">\n\t\t\t\t\t\t\t<a class='gallery_link' href='https:\/\/intransformation.hamburg\/index.php\/galerie\/nggallery\/ausstellung\/festakt'>\n\t\t\t\t\t\t\t\t<img class=\"Thumb\"\n\t\t\t\t\t\t\t\t\talt=\"Festakt\"\n\t\t\t\t\t\t\t\t\tsrc=\"https:\/\/intransformation.hamburg\/wp-content\/gallery\/festakt\/cache\/20161024_Jubil%C3%A4um_Information_169.jpg-nggid03685-ngg0dyn-240x160x100-00f0w010c011r110f110r010t010.jpg\"\/>\n\t\t\t\t\t\t\t<\/a>\n\t\t\t\t\t\t<\/div>\n\t\t\t\t\t\t\t\t\t\t<div class=\"ngg-albumtitle\">\n\t\t\t\t\t\t<a class='gallery_link' href='https:\/\/intransformation.hamburg\/index.php\/galerie\/nggallery\/ausstellung\/festakt'>Festakt<\/a>\n\t\t\t\t\t<\/div>\n\t\t\t\t\t<div class=\"ngg-description\">\n\t\t\t\t\t\t<p>Festakt am Tag der Bibliotheken<\/p>\n\t\t\t\t\t\t\t\t\t\t\t\t\t<p class=\"ngg-album-gallery-image-counter\">\n\t\t\t\t\t\t\t\t<strong>39<\/strong>&nbsp;Fotos<\/p>\n\t\t\t\t\t\t\t\t\t\t\t<\/div>\n\t\t\t\t<\/div>\n\t\t\t<\/div>\n\t\t\t\t\t<div class=\"ngg-album\">\n\t\t\t\t<div class=\"ngg-albumcontent\">\n\t\t\t\t\t\t\t\t\t\t\t<div class=\"ngg-thumbnail\">\n\t\t\t\t\t\t\t<a class='gallery_link' href='https:\/\/intransformation.hamburg\/index.php\/galerie\/nggallery\/ausstellung\/das-department-information'>\n\t\t\t\t\t\t\t\t<img class=\"Thumb\"\n\t\t\t\t\t\t\t\t\talt=\"Das Department Information\"\n\t\t\t\t\t\t\t\t\tsrc=\"https:\/\/intransformation.hamburg\/wp-content\/gallery\/das-department-information\/cache\/Blick_vom-Neubau.jpg-nggid03127-ngg0dyn-240x160x100-00f0w010c011r110f110r010t010.jpg\"\/>\n\t\t\t\t\t\t\t<\/a>\n\t\t\t\t\t\t<\/div>\n\t\t\t\t\t\t\t\t\t\t<div class=\"ngg-albumtitle\">\n\t\t\t\t\t\t<a class='gallery_link' href='https:\/\/intransformation.hamburg\/index.php\/galerie\/nggallery\/ausstellung\/das-department-information'>Das Department Information<\/a>\n\t\t\t\t\t<\/div>\n\t\t\t\t\t<div class=\"ngg-description\">\n\t\t\t\t\t\t<p>Ansichten des Kunst- und Mediencampus<\/p>\n\t\t\t\t\t\t\t\t\t\t\t\t\t<p class=\"ngg-album-gallery-image-counter\">\n\t\t\t\t\t\t\t\t<strong>4<\/strong>&nbsp;Fotos<\/p>\n\t\t\t\t\t\t\t\t\t\t\t<\/div>\n\t\t\t\t<\/div>\n\t\t\t<\/div>\n\t\t\t\t\t<div class=\"ngg-album\">\n\t\t\t\t<div class=\"ngg-albumcontent\">\n\t\t\t\t\t\t\t\t\t\t\t<div class=\"ngg-thumbnail\">\n\t\t\t\t\t\t\t<a class='gallery_link' href='https:\/\/intransformation.hamburg\/index.php\/galerie\/nggallery\/ausstellung\/materialien'>\n\t\t\t\t\t\t\t\t<img class=\"Thumb\"\n\t\t\t\t\t\t\t\t\talt=\"Materialien\"\n\t\t\t\t\t\t\t\t\tsrc=\"https:\/\/intransformation.hamburg\/wp-content\/gallery\/materialien\/cache\/Plakat_MoveAndMake.jpg-nggid03125-ngg0dyn-240x160x100-00f0w010c011r110f110r010t010.jpg\"\/>\n\t\t\t\t\t\t\t<\/a>\n\t\t\t\t\t\t<\/div>\n\t\t\t\t\t\t\t\t\t\t<div class=\"ngg-albumtitle\">\n\t\t\t\t\t\t<a class='gallery_link' href='https:\/\/intransformation.hamburg\/index.php\/galerie\/nggallery\/ausstellung\/materialien'>Materialien<\/a>\n\t\t\t\t\t<\/div>\n\t\t\t\t\t<div class=\"ngg-description\">\n\t\t\t\t\t\t<p>Plakate, Flyer und andere Informationsmaterialien<\/p>\n\t\t\t\t\t\t\t\t\t\t\t\t\t<p class=\"ngg-album-gallery-image-counter\">\n\t\t\t\t\t\t\t\t<strong>5<\/strong>&nbsp;Fotos<\/p>\n\t\t\t\t\t\t\t\t\t\t\t<\/div>\n\t\t\t\t<\/div>\n\t\t\t<\/div>\n\t\t\t\t<div class='ngg-clear'><\/div>\t<\/div>\n<\/p>\n","protected":false},"excerpt":{"rendered":"<p>Auftaktveranstaltung \u00bbMove and Make \u2013 in\/trans\/formation durch Themen, Trends und Visionen\u00ab am 5. Februar 2016 85&nbsp;Fotos Ausstellungser\u00f6ffnung Er\u00f6ffnung der Ausstellung am 7. Juli 2016 72&nbsp;Fotos Ringvorlesung Neues Lesen Eindr\u00fccke aus der Ringvorlesung &#8222;Neues Lesen&#8220; im Sommersemester 2016 57&nbsp;Fotos Festakt Festakt am Tag der Bibliotheken 39&nbsp;Fotos Das Department Information Ansichten des Kunst- und Mediencampus 4&nbsp;Fotos Materialien &#8230; <a class=\"read-more\" href=\"https:\/\/intransformation.hamburg\/index.php\/galerie\/\">weiterlesen<\/a><\/p>\n","protected":false},"author":3,"featured_media":0,"parent":0,"menu_order":0,"comment_status":"closed","ping_status":"closed","template":"","meta":{"ngg_post_thumbnail":0,"footnotes":"","_mc_calendar":[]},"_links":{"self":[{"href":"https:\/\/intransformation.hamburg\/index.php\/wp-json\/wp\/v2\/pages\/138"}],"collection":[{"href":"https:\/\/intransformation.hamburg\/index.php\/wp-json\/wp\/v2\/pages"}],"about":[{"href":"https:\/\/intransformation.hamburg\/index.php\/wp-json\/wp\/v2\/types\/page"}],"author":[{"embeddable":true,"href":"https:\/\/intransformation.hamburg\/index.php\/wp-json\/wp\/v2\/users\/3"}],"replies":[{"embeddable":true,"href":"https:\/\/intransformation.hamburg\/index.php\/wp-json\/wp\/v2\/comments?post=138"}],"version-history":[{"count":7,"href":"https:\/\/intransformation.hamburg\/index.php\/wp-json\/wp\/v2\/pages\/138\/revisions"}],"predecessor-version":[{"id":2808,"href":"https:\/\/intransformation.hamburg\/index.php\/wp-json\/wp\/v2\/pages\/138\/revisions\/2808"}],"wp:attachment":[{"href":"https:\/\/intransformation.hamburg\/index.php\/wp-json\/wp\/v2\/media?parent=138"}],"curies":[{"name":"wp","href":"https:\/\/api.w.org\/{rel}","templated":true}]}}