{"id":10,"date":"2015-11-25T14:34:55","date_gmt":"2015-11-25T13:34:55","guid":{"rendered":"http:\/\/70jahre.bui.haw-hamburg.de\/70jahre\/?page_id=10"},"modified":"2016-02-16T15:29:33","modified_gmt":"2016-02-16T14:29:33","slug":"anfahrt_kontakt","status":"publish","type":"page","link":"https:\/\/intransformation.hamburg\/index.php\/anfahrt_kontakt\/","title":{"rendered":"Anfahrt und Kontakt"},"content":{"rendered":"<h2><strong>Anfahrt<\/strong><\/h2>\n<p>Die Veranstaltungen des Jubil\u00e4ums finden auf dem Hamburger Kunst- und Mediencampus statt, der \u00fcber den Haupteingang an der Finkenau 35, 22081 Hamburg zu erreichen ist.<\/p>\n<p>Klicken Sie auf den Kartenausschnitt, um die \u00dcbersicht des Kunst- und Mediencampus zu vergr\u00f6\u00dfen.<\/p>\n<p><!-- default-view.php -->\n<div\n\tclass=\"ngg-galleryoverview default-view \n\t ngg-ajax-pagination-none\t\"\n\tid=\"ngg-gallery-e6039114b3605af1538fab7ca2086ebd-1\">\n\n\t\t<!-- Thumbnails -->\n\t\t\t\t<div id=\"ngg-image-0\" class=\"ngg-gallery-thumbnail-box \n\t\t\t\t\t\t\t\t\t\t\t\" \n\t\t\t>\n\t\t\t\t\t\t<div class=\"ngg-gallery-thumbnail\">\n\t\t\t<a href=\"https:\/\/intransformation.hamburg\/wp-content\/gallery\/anfahrt\/Karte.jpg\"\n\t\t\t\ttitle=\"(c) OpenStreetMap-Mitwirkende, www.openstreetmap.org\/copyright\"\n\t\t\t\tdata-src=\"https:\/\/intransformation.hamburg\/wp-content\/gallery\/anfahrt\/Karte.jpg\"\n\t\t\t\tdata-thumbnail=\"https:\/\/intransformation.hamburg\/wp-content\/gallery\/anfahrt\/thumbs\/thumbs_Karte.jpg\"\n\t\t\t\tdata-image-id=\"133\"\n\t\t\t\tdata-title=\"(c) OpenStreetMap-Mitwirkende, www.openstreetmap.org\/copyright\"\n\t\t\t\tdata-description=\"(c) OpenStreetMap-Mitwirkende, www.openstreetmap.org\/copyright\"\n\t\t\t\tdata-image-slug=\"karte-2\"\n\t\t\t\tclass=\"ngg-fancybox\" rel=\"e6039114b3605af1538fab7ca2086ebd\">\n\t\t\t\t<img\n\t\t\t\t\ttitle=\"(c) OpenStreetMap-Mitwirkende, www.openstreetmap.org\/copyright\"\n\t\t\t\t\talt=\"(c) OpenStreetMap-Mitwirkende, www.openstreetmap.org\/copyright\"\n\t\t\t\t\tsrc=\"https:\/\/intransformation.hamburg\/wp-content\/gallery\/anfahrt\/thumbs\/thumbs_Karte.jpg\"\n\t\t\t\t\twidth=\"240\"\n\t\t\t\t\theight=\"160\"\n\t\t\t\t\tstyle=\"max-width:100%;\"\n\t\t\t\t\/>\n\t\t\t<\/a>\n\t\t<\/div>\n\t\t\t\t\t\t\t<\/div> \n\t\t\t\n\t\n\t<br style=\"clear: both\" \/>\n\n\t\n\t\t<!-- Pagination -->\n\t\t<div class='ngg-clear'><\/div>\t<\/div>\n<\/p>\n<p>&nbsp;<\/p>\n<p>Klicken Sie auf das HVV-Logo, um eine personalisierte Fahrplanauskunft von Ihrem Wunschstandort zum Kunst- und Mediencampus erstellen zu lassen:<\/p>\n<p><a href=\"http:\/\/www.hvv.de\/fp.php?id=175407027c87b800c52437879f25c576\" target=\"_blank\"><img loading=\"lazy\" decoding=\"async\" src=\"http:\/\/www.hvv.de\/images\/logo_hvv_110x25.png\" alt=\"Mit dem HVV zu uns\" width=\"110\" height=\"25\" border=\"0\" \/><\/a><\/p>\n<p>&nbsp;<\/p>\n<p>&nbsp;<\/p>\n<h2><strong>Kontakt<\/strong><\/h2>\n<p>Bei Fragen zum Jubil\u00e4um oder einer der Veranstaltungen wenden Sie sich gerne an:<\/p>\n<p><a style=\"color: #f8324b;\" href=\"mailto:intransformation@haw-hamburg.de\">intransformation@haw-hamburg.de<\/a><\/p>\n","protected":false},"excerpt":{"rendered":"<p>Anfahrt Die Veranstaltungen des Jubil\u00e4ums finden auf dem Hamburger Kunst- und Mediencampus statt, der \u00fcber den Haupteingang an der Finkenau 35, 22081 Hamburg zu erreichen ist. Klicken Sie auf den Kartenausschnitt, um die \u00dcbersicht des Kunst- und Mediencampus zu vergr\u00f6\u00dfen. &nbsp; Klicken Sie auf das HVV-Logo, um eine personalisierte Fahrplanauskunft von Ihrem Wunschstandort zum Kunst- &#8230; <a class=\"read-more\" href=\"https:\/\/intransformation.hamburg\/index.php\/anfahrt_kontakt\/\">weiterlesen<\/a><\/p>\n","protected":false},"author":1,"featured_media":0,"parent":0,"menu_order":0,"comment_status":"closed","ping_status":"closed","template":"","meta":{"ngg_post_thumbnail":0,"footnotes":"","_mc_calendar":[]},"_links":{"self":[{"href":"https:\/\/intransformation.hamburg\/index.php\/wp-json\/wp\/v2\/pages\/10"}],"collection":[{"href":"https:\/\/intransformation.hamburg\/index.php\/wp-json\/wp\/v2\/pages"}],"about":[{"href":"https:\/\/intransformation.hamburg\/index.php\/wp-json\/wp\/v2\/types\/page"}],"author":[{"embeddable":true,"href":"https:\/\/intransformation.hamburg\/index.php\/wp-json\/wp\/v2\/users\/1"}],"replies":[{"embeddable":true,"href":"https:\/\/intransformation.hamburg\/index.php\/wp-json\/wp\/v2\/comments?post=10"}],"version-history":[{"count":30,"href":"https:\/\/intransformation.hamburg\/index.php\/wp-json\/wp\/v2\/pages\/10\/revisions"}],"predecessor-version":[{"id":1735,"href":"https:\/\/intransformation.hamburg\/index.php\/wp-json\/wp\/v2\/pages\/10\/revisions\/1735"}],"wp:attachment":[{"href":"https:\/\/intransformation.hamburg\/index.php\/wp-json\/wp\/v2\/media?parent=10"}],"curies":[{"name":"wp","href":"https:\/\/api.w.org\/{rel}","templated":true}]}}